{"id":1094,"date":"2023-12-14T11:25:34","date_gmt":"2023-12-14T11:25:34","guid":{"rendered":"https:\/\/mdmatherapie.nl\/?page_id=1094"},"modified":"2023-12-14T11:37:10","modified_gmt":"2023-12-14T11:37:10","slug":"therapie-psychedelique","status":"publish","type":"page","link":"https:\/\/mdmatherapie.nl\/fr\/psychedelische-therapie\/","title":{"rendered":"Th\u00e9rapie psych\u00e9d\u00e9lique"},"content":{"rendered":"<div data-elementor-type=\"wp-page\" data-elementor-id=\"1094\" class=\"elementor elementor-1094\" data-elementor-post-type=\"page\">\n\t\t\t\t<div class=\"elementor-element elementor-element-8ea385c e-flex e-con-boxed e-con e-parent\" data-id=\"8ea385c\" data-element_type=\"container\" data-e-type=\"container\">\n\t\t\t\t\t<div class=\"e-con-inner\">\n\t\t\t\t<div class=\"elementor-element elementor-element-01ebee2 elementor-widget elementor-widget-heading\" data-id=\"01ebee2\" data-element_type=\"widget\" data-e-type=\"widget\" data-widget_type=\"heading.default\">\n\t\t\t\t<div class=\"elementor-widget-container\">\n\t\t\t\t\t<h2 class=\"elementor-heading-title elementor-size-default\">Th\u00e9rapie avec des psych\u00e9d\u00e9liques<\/h2>\t\t\t\t<\/div>\n\t\t\t\t<\/div>\n\t\t\t\t\t<\/div>\n\t\t\t\t<\/div>\n\t\t<div class=\"elementor-element elementor-element-815bfa6 e-flex e-con-boxed e-con e-parent\" data-id=\"815bfa6\" data-element_type=\"container\" data-e-type=\"container\">\n\t\t\t\t\t<div class=\"e-con-inner\">\n\t\t<div class=\"elementor-element elementor-element-1c7cfa9 e-con-full e-flex e-con e-child\" data-id=\"1c7cfa9\" data-element_type=\"container\" data-e-type=\"container\">\n\t\t\t\t<div class=\"elementor-element elementor-element-466b09c elementor-widget elementor-widget-text-editor\" data-id=\"466b09c\" data-element_type=\"widget\" data-e-type=\"widget\" data-widget_type=\"text-editor.default\">\n\t\t\t\t<div class=\"elementor-widget-container\">\n\t\t\t\t\t\t\t\t\t<p>La th\u00e9rapie aux psych\u00e9d\u00e9liques est de plus en plus connue et accept\u00e9e dans la soci\u00e9t\u00e9. Cela est d\u00fb \u00e0 plusieurs facteurs. Tout d\u2019abord, il y a les nombreux documentaires qui s\u2019int\u00e9ressent au potentiel des th\u00e9rapies psych\u00e9d\u00e9liques. Ces documentaires ont contribu\u00e9 \u00e0 une meilleure connaissance et compr\u00e9hension de cette forme de th\u00e9rapie et ont ainsi contribu\u00e9 \u00e0 une meilleure opinion publique. De plus, de plus en plus d\u2019\u00e9tudes montrent que les th\u00e9rapies psych\u00e9d\u00e9liques peuvent \u00eatre efficaces dans le traitement de divers troubles mentaux. Ces \u00e9tudes montrent que cette forme de th\u00e9rapie est s\u00fbre et entra\u00eene relativement peu d\u2019effets secondaires. Cela contribue \u00e0 la confiance dans la th\u00e9rapie. En raison de ces divers facteurs, la th\u00e9rapie psych\u00e9d\u00e9lique gagne en popularit\u00e9 et de plus en plus de personnes souhaitent utiliser les pouvoirs de gu\u00e9rison de la th\u00e9rapie psych\u00e9d\u00e9lique pour traiter divers probl\u00e8mes de sant\u00e9 mentale ou comme exp\u00e9rience spirituelle.<\/p>\t\t\t\t\t\t\t\t<\/div>\n\t\t\t\t<\/div>\n\t\t\t\t<\/div>\n\t\t<div class=\"elementor-element elementor-element-aa4af23 e-con-full e-flex e-con e-child\" data-id=\"aa4af23\" data-element_type=\"container\" data-e-type=\"container\">\n\t\t\t\t<div class=\"elementor-element elementor-element-6d7daa4 elementor-widget elementor-widget-image\" data-id=\"6d7daa4\" data-element_type=\"widget\" data-e-type=\"widget\" data-widget_type=\"image.default\">\n\t\t\t\t<div class=\"elementor-widget-container\">\n\t\t\t\t\t\t\t\t\t\t\t\t\t\t\t<img fetchpriority=\"high\" decoding=\"async\" width=\"640\" height=\"640\" src=\"https:\/\/mdmatherapy.nl\/wp-content\/uploads\/2023\/12\/Psychedelische-therapie.jpg\" class=\"attachment-large size-large wp-image-1096\" alt=\"Th\u00e9rapie psych\u00e9d\u00e9lique\" srcset=\"https:\/\/mdmatherapy.nl\/wp-content\/uploads\/2023\/12\/Psychedelische-therapie.jpg 1000w, https:\/\/mdmatherapy.nl\/wp-content\/uploads\/2023\/12\/Psychedelische-therapie-300x300.jpg 300w, https:\/\/mdmatherapy.nl\/wp-content\/uploads\/2023\/12\/Psychedelische-therapie-150x150.jpg 150w, https:\/\/mdmatherapy.nl\/wp-content\/uploads\/2023\/12\/Psychedelische-therapie-768x768.jpg 768w, https:\/\/mdmatherapy.nl\/wp-content\/uploads\/2023\/12\/Psychedelische-therapie-12x12.jpg 12w\" sizes=\"(max-width: 640px) 100vw, 640px\" \/>\t\t\t\t\t\t\t\t\t\t\t\t\t\t\t<\/div>\n\t\t\t\t<\/div>\n\t\t\t\t<\/div>\n\t\t\t\t\t<\/div>\n\t\t\t\t<\/div>\n\t\t<div class=\"elementor-element elementor-element-3ab623b e-flex e-con-boxed e-con e-parent\" data-id=\"3ab623b\" data-element_type=\"container\" data-e-type=\"container\">\n\t\t\t\t\t<div class=\"e-con-inner\">\n\t\t\t\t<div class=\"elementor-element elementor-element-5539618 elementor-widget elementor-widget-heading\" data-id=\"5539618\" data-element_type=\"widget\" data-e-type=\"widget\" data-widget_type=\"heading.default\">\n\t\t\t\t<div class=\"elementor-widget-container\">\n\t\t\t\t\t<h2 class=\"elementor-heading-title elementor-size-default\">S\u00e9ances psych\u00e9d\u00e9liques l\u00e9gales<\/h2>\t\t\t\t<\/div>\n\t\t\t\t<\/div>\n\t\t\t\t<div class=\"elementor-element elementor-element-359e33c elementor-widget elementor-widget-text-editor\" data-id=\"359e33c\" data-element_type=\"widget\" data-e-type=\"widget\" data-widget_type=\"text-editor.default\">\n\t\t\t\t<div class=\"elementor-widget-container\">\n\t\t\t\t\t\t\t\t\t<p>Pour l\u2019heure, la th\u00e9rapie utilisant des psych\u00e9d\u00e9liques n\u2019est pas encore reconnue comme un traitement m\u00e9dical. Les s\u00e9ances que nous proposons ne sont actuellement l\u00e9gales que si nous les \u00e9tiquetons comme \u00e9tant de nature non m\u00e9dicale et nous ne pouvons utiliser que des variantes l\u00e9gales des substances susmentionn\u00e9es. Nous nous attendons \u00e0 ce que cela reste le cas en 2024 et \u00e0 ce que des modifications soient apport\u00e9es \u00e0 la loi en 2025 ou apr\u00e8s pour permettre \u00e0 la th\u00e9rapie psych\u00e9d\u00e9lique d&#039;\u00eatre \u00e9tiquet\u00e9e comme un traitement m\u00e9dical. D\u2019ici l\u00e0, les caisses maladie ne rembourseront pas les s\u00e9ances psych\u00e9d\u00e9liques. <\/p>\t\t\t\t\t\t\t\t<\/div>\n\t\t\t\t<\/div>\n\t\t\t\t\t<\/div>\n\t\t\t\t<\/div>\n\t\t<div class=\"elementor-element elementor-element-21abb2e e-flex e-con-boxed e-con e-parent\" data-id=\"21abb2e\" data-element_type=\"container\" data-e-type=\"container\">\n\t\t\t\t\t<div class=\"e-con-inner\">\n\t\t\t\t<div class=\"elementor-element elementor-element-690d428 elementor-widget elementor-widget-heading\" data-id=\"690d428\" data-element_type=\"widget\" data-e-type=\"widget\" data-widget_type=\"heading.default\">\n\t\t\t\t<div class=\"elementor-widget-container\">\n\t\t\t\t\t<h2 class=\"elementor-heading-title elementor-size-default\">Les psych\u00e9d\u00e9liques ne conviennent pas \u00e0 tout le monde<\/h2>\t\t\t\t<\/div>\n\t\t\t\t<\/div>\n\t\t\t\t<div class=\"elementor-element elementor-element-c23a1e2 elementor-widget elementor-widget-text-editor\" data-id=\"c23a1e2\" data-element_type=\"widget\" data-e-type=\"widget\" data-widget_type=\"text-editor.default\">\n\t\t\t\t<div class=\"elementor-widget-container\">\n\t\t\t\t\t\t\t\t\t<p>De plus, les psych\u00e9d\u00e9liques ne sont pas sans danger pour tout le monde, en particulier pour ceux qui souffrent de certains probl\u00e8mes m\u00e9dicaux tels qu&#039;une maladie cardiaque ou h\u00e9patique ou des ant\u00e9c\u00e9dents familiaux de maladie mentale. C&#039;est pourquoi toute personne souhaitant effectuer une s\u00e9ance doit d&#039;abord subir un contr\u00f4le de s\u00e9curit\u00e9.<\/p>\t\t\t\t\t\t\t\t<\/div>\n\t\t\t\t<\/div>\n\t\t\t\t\t<\/div>\n\t\t\t\t<\/div>\n\t\t<div class=\"elementor-element elementor-element-5289478 e-flex e-con-boxed e-con e-parent\" data-id=\"5289478\" data-element_type=\"container\" data-e-type=\"container\">\n\t\t\t\t\t<div class=\"e-con-inner\">\n\t\t\t\t<div class=\"elementor-element elementor-element-aa56bbe elementor-widget elementor-widget-heading\" data-id=\"aa56bbe\" data-element_type=\"widget\" data-e-type=\"widget\" data-widget_type=\"heading.default\">\n\t\t\t\t<div class=\"elementor-widget-container\">\n\t\t\t\t\t<h2 class=\"elementor-heading-title elementor-size-default\">Diverses th\u00e9rapies psych\u00e9d\u00e9liques<\/h2>\t\t\t\t<\/div>\n\t\t\t\t<\/div>\n\t\t\t\t<div class=\"elementor-element elementor-element-0e9ccfc elementor-widget elementor-widget-text-editor\" data-id=\"0e9ccfc\" data-element_type=\"widget\" data-e-type=\"widget\" data-widget_type=\"text-editor.default\">\n\t\t\t\t<div class=\"elementor-widget-container\">\n\t\t\t\t\t\t\t\t\t<p>La MDMA, le LSD et la psilocybine appartiennent tous au groupe des drogues psych\u00e9d\u00e9liques, mais chacun a ses propres caract\u00e9ristiques et effets. La MDMA est connue pour ses effets euphorisants et empathog\u00e8nes, o\u00f9 les utilisateurs \u00e9prouvent un sentiment de connexion et d&#039;intimit\u00e9. Le LSD provoque des hallucinations, des changements de perception et un sentiment d&#039;unit\u00e9 avec l&#039;environnement. La psilocybine produit des effets visuels, tels que des couleurs qui semblent plus vives et des motifs qui semblent bouger dans les objets, et peut \u00e9galement induire des exp\u00e9riences spirituelles ou mystiques.<br \/><br \/>Bien que ces m\u00e9dicaments pr\u00e9sentent certaines similitudes, comme leur influence sur la perception et les sentiments de connexion, il existe \u00e9galement des diff\u00e9rences importantes dans leurs effets et leur pharmacologie. Par exemple, la MDMA agit en augmentant les niveaux de s\u00e9rotonine dans le cerveau. Le LSD et la psilocybine doivent leur effet \u00e0 leur activit\u00e9, principalement sur les r\u00e9cepteurs de la s\u00e9rotonine. De plus, ces drogues psych\u00e9d\u00e9liques pr\u00e9sentent \u00e9galement divers risques et effets secondaires tels que la neurotoxicit\u00e9 dans le cas de la MDMA et un contr\u00f4le r\u00e9duit sur la r\u00e9alit\u00e9 avec la consommation de LSD et de psilocybine. Lors de l&#039;utilisation de ces substances pendant <a href=\"https:\/\/psychedelische-therapie-nederland.nl\/psychedelische-therapie\/\" rel=\"noopener\">th\u00e9rapie psych\u00e9d\u00e9lique<\/a> il est v\u00e9rifi\u00e9 au pr\u00e9alable lequel convient le mieux au client. Apprenez-en plus sur les diff\u00e9rentes th\u00e9rapies psych\u00e9d\u00e9liques via les boutons.<\/p>\t\t\t\t\t\t\t\t<\/div>\n\t\t\t\t<\/div>\n\t\t\t\t\t<\/div>\n\t\t\t\t<\/div>\n\t\t<div class=\"elementor-element elementor-element-d7cd225 e-flex e-con-boxed e-con e-parent\" data-id=\"d7cd225\" data-element_type=\"container\" data-e-type=\"container\">\n\t\t\t\t\t<div class=\"e-con-inner\">\n\t\t<div class=\"elementor-element elementor-element-15129bf e-con-full e-flex e-con e-child\" data-id=\"15129bf\" data-element_type=\"container\" data-e-type=\"container\">\n\t\t\t\t<div class=\"elementor-element elementor-element-d79d683 elementor-align-center elementor-widget elementor-widget-button\" data-id=\"d79d683\" data-element_type=\"widget\" data-e-type=\"widget\" data-widget_type=\"button.default\">\n\t\t\t\t<div class=\"elementor-widget-container\">\n\t\t\t\t\t\t\t\t\t<div class=\"elementor-button-wrapper\">\n\t\t\t\t\t<a class=\"elementor-button elementor-button-link elementor-size-sm\" href=\"https:\/\/triptherapie.nl\/psilocybine-therapie\/\" rel=\"noopener\">\n\t\t\t\t\t\t<span class=\"elementor-button-content-wrapper\">\n\t\t\t\t\t\t\t\t\t<span class=\"elementor-button-text\">Th\u00e9rapie \u00e0 la psilocybine<\/span>\n\t\t\t\t\t<\/span>\n\t\t\t\t\t<\/a>\n\t\t\t\t<\/div>\n\t\t\t\t\t\t\t\t<\/div>\n\t\t\t\t<\/div>\n\t\t\t\t<\/div>\n\t\t<div class=\"elementor-element elementor-element-55d2b29 e-con-full e-flex e-con e-child\" data-id=\"55d2b29\" data-element_type=\"container\" data-e-type=\"container\">\n\t\t\t\t<div class=\"elementor-element elementor-element-2b0ddb7 elementor-align-center elementor-widget elementor-widget-button\" data-id=\"2b0ddb7\" data-element_type=\"widget\" data-e-type=\"widget\" data-widget_type=\"button.default\">\n\t\t\t\t<div class=\"elementor-widget-container\">\n\t\t\t\t\t\t\t\t\t<div class=\"elementor-button-wrapper\">\n\t\t\t\t\t<a class=\"elementor-button elementor-button-link elementor-size-sm\" href=\"https:\/\/triptherapie.nl\/mdma-therapie\/\" rel=\"noopener\">\n\t\t\t\t\t\t<span class=\"elementor-button-content-wrapper\">\n\t\t\t\t\t\t\t\t\t<span class=\"elementor-button-text\">Th\u00e9rapie MDMA<\/span>\n\t\t\t\t\t<\/span>\n\t\t\t\t\t<\/a>\n\t\t\t\t<\/div>\n\t\t\t\t\t\t\t\t<\/div>\n\t\t\t\t<\/div>\n\t\t\t\t<\/div>\n\t\t<div class=\"elementor-element elementor-element-420e194 e-con-full e-flex e-con e-child\" data-id=\"420e194\" data-element_type=\"container\" data-e-type=\"container\">\n\t\t\t\t<div class=\"elementor-element elementor-element-4958769 elementor-align-center elementor-widget elementor-widget-button\" data-id=\"4958769\" data-element_type=\"widget\" data-e-type=\"widget\" data-widget_type=\"button.default\">\n\t\t\t\t<div class=\"elementor-widget-container\">\n\t\t\t\t\t\t\t\t\t<div class=\"elementor-button-wrapper\">\n\t\t\t\t\t<a class=\"elementor-button elementor-button-link elementor-size-sm\" href=\"https:\/\/triptherapie.nl\/lsd-therapie\/\" rel=\"noopener\">\n\t\t\t\t\t\t<span class=\"elementor-button-content-wrapper\">\n\t\t\t\t\t\t\t\t\t<span class=\"elementor-button-text\">Th\u00e9rapie au LSD<\/span>\n\t\t\t\t\t<\/span>\n\t\t\t\t\t<\/a>\n\t\t\t\t<\/div>\n\t\t\t\t\t\t\t\t<\/div>\n\t\t\t\t<\/div>\n\t\t\t\t<\/div>\n\t\t\t\t\t<\/div>\n\t\t\t\t<\/div>\n\t\t<div class=\"elementor-element elementor-element-6054fb4 e-flex e-con-boxed e-con e-parent\" data-id=\"6054fb4\" data-element_type=\"container\" data-e-type=\"container\">\n\t\t\t\t\t<div class=\"e-con-inner\">\n\t\t\t\t<div class=\"elementor-element elementor-element-a90439b elementor-widget elementor-widget-heading\" data-id=\"a90439b\" data-element_type=\"widget\" data-e-type=\"widget\" data-widget_type=\"heading.default\">\n\t\t\t\t<div class=\"elementor-widget-container\">\n\t\t\t\t\t<h2 class=\"elementor-heading-title elementor-size-default\">Questions fr\u00e9quemment pos\u00e9es sur la th\u00e9rapie psych\u00e9d\u00e9lique<\/h2>\t\t\t\t<\/div>\n\t\t\t\t<\/div>\n\t\t\t\t\t<\/div>\n\t\t\t\t<\/div>\n\t\t<div class=\"elementor-element elementor-element-117f6136 e-flex e-con-boxed e-con e-parent\" data-id=\"117f6136\" data-element_type=\"container\" data-e-type=\"container\">\n\t\t\t\t\t<div class=\"e-con-inner\">\n\t\t\t\t<div class=\"elementor-element elementor-element-4daeaf58 elementor-widget elementor-widget-text-editor\" data-id=\"4daeaf58\" data-element_type=\"widget\" data-e-type=\"widget\" data-widget_type=\"text-editor.default\">\n\t\t\t\t<div class=\"elementor-widget-container\">\n\t\t\t\t\t\t\t\t\t\n<h2 class=\"wp-block-heading\"><\/h2>\n\n\n\n<p><\/p>\n\n\n<div id=\"rank-math-faq\" class=\"rank-math-block\">\n<div class=\"rank-math-list\">\n<div id=\"faq-question-1\" class=\"rank-math-list-item\">\n<h3 class=\"rank-math-question\">Quelles sont les drogues psych\u00e9d\u00e9liques ?<\/h3>\n<div class=\"rank-math-answer\">\n\n<p>Il existe plusieurs drogues psych\u00e9d\u00e9liques disponibles, notamment le LSD, la psilocybine (champignons), la mescaline (peyotl), la MDMA (ecstasy), le DMT (<a href=\"https:\/\/triptherapie.nl\/ayahuasca\/\" rel=\"noopener\">ayahuasca<\/a>) et 2C-B. La plupart provoquent des hallucinations visuelles.<\/p>\n\n<\/div>\n<\/div>\n<div id=\"faq-question-2\" class=\"rank-math-list-item\">\n<h3 class=\"rank-math-question\">Que vous font les psych\u00e9d\u00e9liques ?<\/h3>\n<div class=\"rank-math-answer\">\n\n<p>Les psych\u00e9d\u00e9liques peuvent avoir divers effets sur vous, tels que des hallucinations visuelles, des changements de perception, des \u00e9motions accrues et un \u00e9tat de conscience alt\u00e9r\u00e9. Cependant, chaque psych\u00e9d\u00e9lique a son propre effet unique.<\/p>\n\n<\/div>\n<\/div>\n<div id=\"faq-question-3\" class=\"rank-math-list-item\">\n<h3 class=\"rank-math-question\">Qu\u2019est-ce que la th\u00e9rapie \u00e0 la psilocybine ?<\/h3>\n<div class=\"rank-math-answer\">\n\n<p>La th\u00e9rapie \u00e0 la psilocybine est une forme de traitement dans laquelle\u00a0: <a href=\"https:\/\/triptherapie.nl\/psilocybine\/\" rel=\"noopener\">psilocybine<\/a> est utilis\u00e9 pour obtenir des effets th\u00e9rapeutiques lors d&#039;un voyage avec une (psycho)th\u00e9rapie de soutien.<\/p>\n\n<\/div>\n<\/div>\n<div id=\"faq-question-4\" class=\"rank-math-list-item\">\n<h3 class=\"rank-math-question\">Quels psych\u00e9d\u00e9liques sont l\u00e9gaux ?<\/h3>\n<div class=\"rank-math-answer\">\n\n<p>En g\u00e9n\u00e9ral, la plupart des psych\u00e9d\u00e9liques aux Pays-Bas sont l\u00e9gaux ou il existe une variante l\u00e9gale. Par exemple, la psilocybine est l\u00e9gale sous forme de truffes magiques et le LSD et la MDMA sont l\u00e9gales si un analogue est utilis\u00e9.<\/p>\n\n<\/div>\n<\/div>\n<\/div>\n<\/div>\t\t\t\t\t\t\t\t<\/div>\n\t\t\t\t<\/div>\n\t\t\t\t\t<\/div>\n\t\t\t\t<\/div>\n\t\t\t\t<\/div>","protected":false},"excerpt":{"rendered":"<p>Therapie met psychedelica Therapie met psychedelica wordt steeds bekender en geaccepteerd in de maatschappij. Dit komt door verschillende factoren. Allereerst zijn er de vele documentaires [&hellip;]<\/p>\n","protected":false},"author":1,"featured_media":1096,"parent":0,"menu_order":0,"comment_status":"closed","ping_status":"closed","template":"","meta":{"footnotes":""},"class_list":["post-1094","page","type-page","status-publish","has-post-thumbnail","hentry"],"_links":{"self":[{"href":"https:\/\/mdmatherapie.nl\/fr\/wp-json\/wp\/v2\/pages\/1094","targetHints":{"allow":["GET"]}}],"collection":[{"href":"https:\/\/mdmatherapie.nl\/fr\/wp-json\/wp\/v2\/pages"}],"about":[{"href":"https:\/\/mdmatherapie.nl\/fr\/wp-json\/wp\/v2\/types\/page"}],"author":[{"embeddable":true,"href":"https:\/\/mdmatherapie.nl\/fr\/wp-json\/wp\/v2\/users\/1"}],"replies":[{"embeddable":true,"href":"https:\/\/mdmatherapie.nl\/fr\/wp-json\/wp\/v2\/comments?post=1094"}],"version-history":[{"count":0,"href":"https:\/\/mdmatherapie.nl\/fr\/wp-json\/wp\/v2\/pages\/1094\/revisions"}],"wp:featuredmedia":[{"embeddable":true,"href":"https:\/\/mdmatherapie.nl\/fr\/wp-json\/wp\/v2\/media\/1096"}],"wp:attachment":[{"href":"https:\/\/mdmatherapie.nl\/fr\/wp-json\/wp\/v2\/media?parent=1094"}],"curies":[{"name":"wp","href":"https:\/\/api.w.org\/{rel}","templated":true}]}}