{"id":1110,"date":"2024-01-22T19:35:50","date_gmt":"2024-01-22T19:35:50","guid":{"rendered":"https:\/\/mdmatherapie.nl\/?page_id=1110"},"modified":"2024-01-22T19:52:03","modified_gmt":"2024-01-22T19:52:03","slug":"therapie-a-la-psilocybine","status":"publish","type":"page","link":"https:\/\/mdmatherapie.nl\/fr\/psilocybine-therapie\/","title":{"rendered":"Th\u00e9rapie \u00e0 la psilocybine"},"content":{"rendered":"<div data-elementor-type=\"wp-page\" data-elementor-id=\"1110\" class=\"elementor elementor-1110\" data-elementor-post-type=\"page\">\n\t\t\t\t<div class=\"elementor-element elementor-element-4c22e16 e-flex e-con-boxed e-con e-parent\" data-id=\"4c22e16\" data-element_type=\"container\" data-e-type=\"container\">\n\t\t\t\t\t<div class=\"e-con-inner\">\n\t\t\t\t<div class=\"elementor-element elementor-element-898ca28 elementor-widget elementor-widget-heading\" data-id=\"898ca28\" data-element_type=\"widget\" data-e-type=\"widget\" data-widget_type=\"heading.default\">\n\t\t\t\t<div class=\"elementor-widget-container\">\n\t\t\t\t\t<h2 class=\"elementor-heading-title elementor-size-default\">Qu\u2019est-ce que la th\u00e9rapie \u00e0 la psilocybine ?<\/h2>\t\t\t\t<\/div>\n\t\t\t\t<\/div>\n\t\t\t\t<div class=\"elementor-element elementor-element-591cebb elementor-widget elementor-widget-text-editor\" data-id=\"591cebb\" data-element_type=\"widget\" data-e-type=\"widget\" data-widget_type=\"text-editor.default\">\n\t\t\t\t<div class=\"elementor-widget-container\">\n\t\t\t\t\t\t\t\t\t<p>La th\u00e9rapie \u00e0 la psilocybine est une forme de th\u00e9rapie dans laquelle les patients utilisent des substances psych\u00e9d\u00e9liques telles que des champignons ou des truffes magiques, qui contiennent de la psilocybine. Aux Pays-Bas, les truffes magiques sont l\u00e9galement autoris\u00e9es pour un usage personnel et c&#039;est pourquoi diverses formes de th\u00e9rapie \u00e0 la psilocybine sont propos\u00e9es ici. Ces th\u00e9rapies ne sont pas encore rembours\u00e9es par les assurances maladie, mais le potentiel de la psilocybine comme traitement efficace contre la d\u00e9pression, les troubles anxieux et la d\u00e9pendance, entre autres, suscite un int\u00e9r\u00eat croissant.<\/p>\t\t\t\t\t\t\t\t<\/div>\n\t\t\t\t<\/div>\n\t\t\t\t\t<\/div>\n\t\t\t\t<\/div>\n\t\t<div class=\"elementor-element elementor-element-ef6b137 e-flex e-con-boxed e-con e-parent\" data-id=\"ef6b137\" data-element_type=\"container\" data-e-type=\"container\">\n\t\t\t\t\t<div class=\"e-con-inner\">\n\t\t\t\t<div class=\"elementor-element elementor-element-c4d2a78 elementor-widget elementor-widget-heading\" data-id=\"c4d2a78\" data-element_type=\"widget\" data-e-type=\"widget\" data-widget_type=\"heading.default\">\n\t\t\t\t<div class=\"elementor-widget-container\">\n\t\t\t\t\t<h2 class=\"elementor-heading-title elementor-size-default\">Comment fonctionne la th\u00e9rapie \u00e0 la psilocybine ?<\/h2>\t\t\t\t<\/div>\n\t\t\t\t<\/div>\n\t\t\t\t<div class=\"elementor-element elementor-element-9397d36 elementor-widget elementor-widget-text-editor\" data-id=\"9397d36\" data-element_type=\"widget\" data-e-type=\"widget\" data-widget_type=\"text-editor.default\">\n\t\t\t\t<div class=\"elementor-widget-container\">\n\t\t\t\t\t\t\t\t\t<p>Le processus d&#039;inscription commence par une s\u00e9lection visant \u00e0 d\u00e9terminer si le patient est apte \u00e0 suivre la th\u00e9rapie. Cela comprend l&#039;\u00e9valuation des ant\u00e9c\u00e9dents m\u00e9dicaux du patient et la discussion des m\u00e9dicaments utilis\u00e9s. La s\u00e9ance elle-m\u00eame avec de la psilocybine est supervis\u00e9e par un th\u00e9rapeute qualifi\u00e9 et se d\u00e9roule dans un environnement calme. <br \/><br \/>Au cours de la s\u00e9ance, le patient re\u00e7oit une dose de psilocybine sous forme de truffes et le th\u00e9rapeute le guide dans l&#039;exploration de ses ressentis et de ses exp\u00e9riences. Apr\u00e8s la s\u00e9ance, commence la phase d&#039;int\u00e9gration, o\u00f9 le patient discute des exp\u00e9riences de la s\u00e9ance et apprend comment les int\u00e9grer dans la vie quotidienne. L\u2019objectif de la th\u00e9rapie \u00e0 la psilocybine est d\u2019aider le patient \u00e0 comprendre et \u00e0 accepter ses probl\u00e8mes, le rendant ainsi plus apte \u00e0 y faire face.<\/p>\t\t\t\t\t\t\t\t<\/div>\n\t\t\t\t<\/div>\n\t\t\t\t<div class=\"elementor-element elementor-element-1323663 elementor-align-center elementor-widget elementor-widget-button\" data-id=\"1323663\" data-element_type=\"widget\" data-e-type=\"widget\" data-widget_type=\"button.default\">\n\t\t\t\t<div class=\"elementor-widget-container\">\n\t\t\t\t\t\t\t\t\t<div class=\"elementor-button-wrapper\">\n\t\t\t\t\t<a class=\"elementor-button elementor-button-link elementor-size-sm\" href=\"https:\/\/triptherapie.nl\/intake-triptherapie\/\" rel=\"noopener\">\n\t\t\t\t\t\t<span class=\"elementor-button-content-wrapper\">\n\t\t\t\t\t\t\t\t\t<span class=\"elementor-button-text\">Voir la projection<\/span>\n\t\t\t\t\t<\/span>\n\t\t\t\t\t<\/a>\n\t\t\t\t<\/div>\n\t\t\t\t\t\t\t\t<\/div>\n\t\t\t\t<\/div>\n\t\t\t\t\t<\/div>\n\t\t\t\t<\/div>\n\t\t<div class=\"elementor-element elementor-element-d791c74 e-flex e-con-boxed e-con e-parent\" data-id=\"d791c74\" data-element_type=\"container\" data-e-type=\"container\">\n\t\t\t\t\t<div class=\"e-con-inner\">\n\t\t\t\t<div class=\"elementor-element elementor-element-4b7f723 elementor-widget elementor-widget-heading\" data-id=\"4b7f723\" data-element_type=\"widget\" data-e-type=\"widget\" data-widget_type=\"heading.default\">\n\t\t\t\t<div class=\"elementor-widget-container\">\n\t\t\t\t\t<h2 class=\"elementor-heading-title elementor-size-default\">Quels sont les bienfaits d\u2019une s\u00e9ance de psilocybine ?<\/h2>\t\t\t\t<\/div>\n\t\t\t\t<\/div>\n\t\t\t\t<div class=\"elementor-element elementor-element-d400593 elementor-widget elementor-widget-text-editor\" data-id=\"d400593\" data-element_type=\"widget\" data-e-type=\"widget\" data-widget_type=\"text-editor.default\">\n\t\t\t\t<div class=\"elementor-widget-container\">\n\t\t\t\t\t\t\t\t\t<p>Utiliser la psilocybine dans un contexte th\u00e9rapeutique peut avoir plusieurs effets, dont des effets positifs prouv\u00e9s par la recherche scientifique. Voici les 3 principaux effets positifs de la psilocybine :<br \/><br \/>1. R\u00e9duction de la d\u00e9pression et de l\u2019anxi\u00e9t\u00e9 : Des \u00e9tudes ont montr\u00e9 que la psilocybine peut aider \u00e0 r\u00e9duire les sympt\u00f4mes d\u00e9pressifs et l\u2019anxi\u00e9t\u00e9. Cela est d\u00fb \u00e0 l\u2019\u00e9tat de conscience alt\u00e9r\u00e9 provoqu\u00e9 par la substance, qui permet aux gens de voir leurs probl\u00e8mes diff\u00e9remment et ouvre potentiellement de nouvelles perspectives.<br \/><br \/>2. Am\u00e9liorer l\u2019humeur et le bien-\u00eatre g\u00e9n\u00e9ral : La psilocybine peut \u00e9galement conduire \u00e0 une humeur positive et \u00e0 un sentiment de bien-\u00eatre g\u00e9n\u00e9ral. Cet effet peut durer des semaines, voire des mois, apr\u00e8s l&#039;ingestion de la substance.<br \/><br \/>3. Changements dans la perception et la conscience : la psilocybine peut provoquer un changement dans la perception et peut potentiellement aider \u00e0 r\u00e9soudre les blocages mentaux et \u00e0 cr\u00e9er de nouvelles id\u00e9es cr\u00e9atives. Cela peut \u00eatre particuli\u00e8rement utile pour les personnes coinc\u00e9es dans certains sch\u00e9mas ou modes de pens\u00e9e qui les freinent.<\/p>\t\t\t\t\t\t\t\t<\/div>\n\t\t\t\t<\/div>\n\t\t\t\t<div class=\"elementor-element elementor-element-65c2f12 elementor-align-center elementor-widget elementor-widget-button\" data-id=\"65c2f12\" data-element_type=\"widget\" data-e-type=\"widget\" data-widget_type=\"button.default\">\n\t\t\t\t<div class=\"elementor-widget-container\">\n\t\t\t\t\t\t\t\t\t<div class=\"elementor-button-wrapper\">\n\t\t\t\t\t<a class=\"elementor-button elementor-button-link elementor-size-sm\" href=\"https:\/\/triptherapie.nl\/psilocybine\/\" rel=\"noopener\">\n\t\t\t\t\t\t<span class=\"elementor-button-content-wrapper\">\n\t\t\t\t\t\t\t\t\t<span class=\"elementor-button-text\">Explication du fonctionnement de la psilocybine<\/span>\n\t\t\t\t\t<\/span>\n\t\t\t\t\t<\/a>\n\t\t\t\t<\/div>\n\t\t\t\t\t\t\t\t<\/div>\n\t\t\t\t<\/div>\n\t\t\t\t\t<\/div>\n\t\t\t\t<\/div>\n\t\t<div class=\"elementor-element elementor-element-00c6b0a e-flex e-con-boxed e-con e-parent\" data-id=\"00c6b0a\" data-element_type=\"container\" data-e-type=\"container\">\n\t\t\t\t\t<div class=\"e-con-inner\">\n\t\t\t\t<div class=\"elementor-element elementor-element-486d4f6 elementor-widget elementor-widget-image\" data-id=\"486d4f6\" data-element_type=\"widget\" data-e-type=\"widget\" data-widget_type=\"image.default\">\n\t\t\t\t<div class=\"elementor-widget-container\">\n\t\t\t\t\t\t\t\t\t\t\t\t\t\t\t<img fetchpriority=\"high\" decoding=\"async\" width=\"562\" height=\"308\" src=\"https:\/\/mdmatherapie.nl\/wp-content\/uploads\/2024\/01\/Psilocybine-molecuul-oranje-bruin.png?wsr\" class=\"attachment-large size-large wp-image-1112\" alt=\"S\u00e9ance de th\u00e9rapie \u00e0 la psilocybine\" srcset=\"https:\/\/mdmatherapie.nl\/wp-content\/uploads\/2024\/01\/Psilocybine-molecuul-oranje-bruin.png 562w, https:\/\/mdmatherapie.nl\/wp-content\/uploads\/2024\/01\/Psilocybine-molecuul-oranje-bruin-300x164.png 300w, https:\/\/mdmatherapie.nl\/wp-content\/uploads\/2024\/01\/Psilocybine-molecuul-oranje-bruin-18x10.png 18w\" sizes=\"(max-width: 562px) 100vw, 562px\" \/>\t\t\t\t\t\t\t\t\t\t\t\t\t\t\t<\/div>\n\t\t\t\t<\/div>\n\t\t\t\t\t<\/div>\n\t\t\t\t<\/div>\n\t\t<div class=\"elementor-element elementor-element-09850c2 e-flex e-con-boxed e-con e-parent\" data-id=\"09850c2\" data-element_type=\"container\" data-e-type=\"container\">\n\t\t\t\t\t<div class=\"e-con-inner\">\n\t\t\t\t<div class=\"elementor-element elementor-element-b774686 elementor-widget elementor-widget-heading\" data-id=\"b774686\" data-element_type=\"widget\" data-e-type=\"widget\" data-widget_type=\"heading.default\">\n\t\t\t\t<div class=\"elementor-widget-container\">\n\t\t\t\t\t<h2 class=\"elementor-heading-title elementor-size-default\">La psilocybine ne convient pas \u00e0 tout le monde<\/h2>\t\t\t\t<\/div>\n\t\t\t\t<\/div>\n\t\t\t\t<div class=\"elementor-element elementor-element-24fdf08 elementor-widget elementor-widget-text-editor\" data-id=\"24fdf08\" data-element_type=\"widget\" data-e-type=\"widget\" data-widget_type=\"text-editor.default\">\n\t\t\t\t<div class=\"elementor-widget-container\">\n\t\t\t\t\t\t\t\t\t<p>La psilocybine peut \u00eatre dangereuse pour les personnes prenant certains antid\u00e9presseurs en raison du risque de d\u00e9velopper un syndrome s\u00e9rotoninergique, une maladie grave pouvant entra\u00eener des convulsions, le coma, voire la mort. Il est \u00e9galement d\u00e9conseill\u00e9 aux personnes ayant des ant\u00e9c\u00e9dents d\u2019\u00e9pisodes psychotiques ou de schizophr\u00e9nie, car il pourrait aggraver ou r\u00e9activer les sympt\u00f4mes. Un bon d\u00e9pistage est donc important !<\/p>\t\t\t\t\t\t\t\t<\/div>\n\t\t\t\t<\/div>\n\t\t\t\t<div class=\"elementor-element elementor-element-32690e7 elementor-align-center elementor-widget elementor-widget-button\" data-id=\"32690e7\" data-element_type=\"widget\" data-e-type=\"widget\" data-widget_type=\"button.default\">\n\t\t\t\t<div class=\"elementor-widget-container\">\n\t\t\t\t\t\t\t\t\t<div class=\"elementor-button-wrapper\">\n\t\t\t\t\t<a class=\"elementor-button elementor-button-link elementor-size-sm\" href=\"https:\/\/triptherapie.nl\/paddos-en-truffels-combineren-met-andere-drugs-of-medicijnen\/\" rel=\"noopener\">\n\t\t\t\t\t\t<span class=\"elementor-button-content-wrapper\">\n\t\t\t\t\t\t\t\t\t<span class=\"elementor-button-text\">Combiner truffes et drogues<\/span>\n\t\t\t\t\t<\/span>\n\t\t\t\t\t<\/a>\n\t\t\t\t<\/div>\n\t\t\t\t\t\t\t\t<\/div>\n\t\t\t\t<\/div>\n\t\t\t\t\t<\/div>\n\t\t\t\t<\/div>\n\t\t<div class=\"elementor-element elementor-element-46b8d89 e-flex e-con-boxed e-con e-parent\" data-id=\"46b8d89\" data-element_type=\"container\" data-e-type=\"container\">\n\t\t\t\t\t<div class=\"e-con-inner\">\n\t\t\t\t<div class=\"elementor-element elementor-element-d3579e8 elementor-widget elementor-widget-heading\" data-id=\"d3579e8\" data-element_type=\"widget\" data-e-type=\"widget\" data-widget_type=\"heading.default\">\n\t\t\t\t<div class=\"elementor-widget-container\">\n\t\t\t\t\t<h2 class=\"elementor-heading-title elementor-size-default\">La th\u00e9rapie \u00e0 la psilocybine est-elle l\u00e9gale aux Pays-Bas ?<\/h2>\t\t\t\t<\/div>\n\t\t\t\t<\/div>\n\t\t\t\t<div class=\"elementor-element elementor-element-5a16e3c elementor-widget elementor-widget-text-editor\" data-id=\"5a16e3c\" data-element_type=\"widget\" data-e-type=\"widget\" data-widget_type=\"text-editor.default\">\n\t\t\t\t<div class=\"elementor-widget-container\">\n\t\t\t\t\t\t\t\t\t<p>Aux Pays-Bas, la th\u00e9rapie \u00e0 la psilocybine n\u2019est l\u00e9gale que lorsqu\u2019elle est administr\u00e9e sous forme de truffes. Cependant, il ne s\u2019agit pas l\u00e9galement d\u2019un traitement m\u00e9dical. De ce fait, les assureurs maladie ne le remboursent pas encore en 2024, alors que <a href=\"https:\/\/psilocybinetherapienederland.nl\/\" rel=\"noopener\">Th\u00e9rapie \u00e0 la psilocybine aux Pays-Bas<\/a> a beaucoup de potentiel ! Pour le moment, vous pouvez vous rendre \u00e0 diverses soir\u00e9es commerciales aux Pays-Bas pour une s\u00e9ance de psilocybine. Une f\u00eate avec des conseils exp\u00e9riment\u00e9s et des th\u00e9rapeutes parmi le personnel peut \u00eatre trouv\u00e9e via le bouton ci-dessous.<\/p>\t\t\t\t\t\t\t\t<\/div>\n\t\t\t\t<\/div>\n\t\t\t\t<div class=\"elementor-element elementor-element-4a12029 elementor-align-center elementor-widget elementor-widget-button\" data-id=\"4a12029\" data-element_type=\"widget\" data-e-type=\"widget\" data-widget_type=\"button.default\">\n\t\t\t\t<div class=\"elementor-widget-container\">\n\t\t\t\t\t\t\t\t\t<div class=\"elementor-button-wrapper\">\n\t\t\t\t\t<a class=\"elementor-button elementor-button-link elementor-size-sm\" href=\"https:\/\/triptherapie.nl\/psilocybine-therapie\/\" rel=\"noopener\">\n\t\t\t\t\t\t<span class=\"elementor-button-content-wrapper\">\n\t\t\t\t\t\t\t\t\t<span class=\"elementor-button-text\">Th\u00e9rapie \u00e0 la psilocybine Pays-Bas<\/span>\n\t\t\t\t\t<\/span>\n\t\t\t\t\t<\/a>\n\t\t\t\t<\/div>\n\t\t\t\t\t\t\t\t<\/div>\n\t\t\t\t<\/div>\n\t\t\t\t\t<\/div>\n\t\t\t\t<\/div>\n\t\t\t\t<\/div>","protected":false},"excerpt":{"rendered":"<p>Wat is psilocybine therapie? Psilocybine therapie is een vorm van therapie waarbij pati\u00ebnten gebruik maken van psychedelische middelen zoals paddo&#8217;s of magic truffels, die psilocybine [&hellip;]<\/p>\n","protected":false},"author":1,"featured_media":810,"parent":0,"menu_order":0,"comment_status":"closed","ping_status":"closed","template":"","meta":{"footnotes":""},"class_list":["post-1110","page","type-page","status-publish","has-post-thumbnail","hentry"],"_links":{"self":[{"href":"https:\/\/mdmatherapie.nl\/fr\/wp-json\/wp\/v2\/pages\/1110","targetHints":{"allow":["GET"]}}],"collection":[{"href":"https:\/\/mdmatherapie.nl\/fr\/wp-json\/wp\/v2\/pages"}],"about":[{"href":"https:\/\/mdmatherapie.nl\/fr\/wp-json\/wp\/v2\/types\/page"}],"author":[{"embeddable":true,"href":"https:\/\/mdmatherapie.nl\/fr\/wp-json\/wp\/v2\/users\/1"}],"replies":[{"embeddable":true,"href":"https:\/\/mdmatherapie.nl\/fr\/wp-json\/wp\/v2\/comments?post=1110"}],"version-history":[{"count":0,"href":"https:\/\/mdmatherapie.nl\/fr\/wp-json\/wp\/v2\/pages\/1110\/revisions"}],"wp:featuredmedia":[{"embeddable":true,"href":"https:\/\/mdmatherapie.nl\/fr\/wp-json\/wp\/v2\/media\/810"}],"wp:attachment":[{"href":"https:\/\/mdmatherapie.nl\/fr\/wp-json\/wp\/v2\/media?parent=1110"}],"curies":[{"name":"wp","href":"https:\/\/api.w.org\/{rel}","templated":true}]}}