{"id":1130,"date":"2024-02-28T11:35:30","date_gmt":"2024-02-28T11:35:30","guid":{"rendered":"https:\/\/mdmatherapie.nl\/?page_id=1130"},"modified":"2024-02-28T11:57:10","modified_gmt":"2024-02-28T11:57:10","slug":"therapeutes-mdma","status":"publish","type":"page","link":"https:\/\/mdmatherapie.nl\/fr\/mdma-therapeuten\/","title":{"rendered":"Th\u00e9rapeutes MDMA"},"content":{"rendered":"<div data-elementor-type=\"wp-page\" data-elementor-id=\"1130\" class=\"elementor elementor-1130\" data-elementor-post-type=\"page\">\n\t\t\t\t<div class=\"elementor-element elementor-element-514a3ca e-flex e-con-boxed e-con e-parent\" data-id=\"514a3ca\" data-element_type=\"container\" data-e-type=\"container\">\n\t\t\t\t\t<div class=\"e-con-inner\">\n\t\t\t\t<div class=\"elementor-element elementor-element-c0f21bb elementor-widget elementor-widget-heading\" data-id=\"c0f21bb\" data-element_type=\"widget\" data-e-type=\"widget\" data-widget_type=\"heading.default\">\n\t\t\t\t<div class=\"elementor-widget-container\">\n\t\t\t\t\t<h2 class=\"elementor-heading-title elementor-size-default\">Th\u00e9rapeute MDMA<\/h2>\t\t\t\t<\/div>\n\t\t\t\t<\/div>\n\t\t\t\t<div class=\"elementor-element elementor-element-6564fd4 elementor-widget elementor-widget-text-editor\" data-id=\"6564fd4\" data-element_type=\"widget\" data-e-type=\"widget\" data-widget_type=\"text-editor.default\">\n\t\t\t\t<div class=\"elementor-widget-container\">\n\t\t\t\t\t\t\t\t\t<p>Un th\u00e9rapeute MDMA pr\u00e9pare et guide le client <a href=\"https:\/\/mdmasessie.nl\/\" rel=\"noopener\">S\u00e9ance MDMA<\/a>. Au cours de la s\u00e9ance, le th\u00e9rapeute MDMA vous aidera \u00e0 briser les blocages \u00e9motionnels difficiles et encouragera \u00e9galement le th\u00e9rapeute \u00e0 appliquer occasionnellement l&#039;introspection. Une th\u00e9rapie d&#039;exposition peut \u00e9galement \u00eatre appliqu\u00e9e et apr\u00e8s une th\u00e9rapie MDMA, une aide est fournie pour int\u00e9grer les connaissances.<\/p><p>Apprenez-en davantage sur les activit\u00e9s d&#039;un th\u00e9rapeute MDMA ou sur la th\u00e9rapie MDMA via les boutons ci-dessous.<\/p>\t\t\t\t\t\t\t\t<\/div>\n\t\t\t\t<\/div>\n\t\t\t\t\t<\/div>\n\t\t\t\t<\/div>\n\t\t<div class=\"elementor-element elementor-element-ad6813e e-flex e-con-boxed e-con e-parent\" data-id=\"ad6813e\" data-element_type=\"container\" data-e-type=\"container\">\n\t\t\t\t\t<div class=\"e-con-inner\">\n\t\t<div class=\"elementor-element elementor-element-3747717 e-con-full e-flex e-con e-child\" data-id=\"3747717\" data-element_type=\"container\" data-e-type=\"container\">\n\t\t\t\t<div class=\"elementor-element elementor-element-dfa2d13 elementor-align-center elementor-widget elementor-widget-button\" data-id=\"dfa2d13\" data-element_type=\"widget\" data-e-type=\"widget\" data-widget_type=\"button.default\">\n\t\t\t\t<div class=\"elementor-widget-container\">\n\t\t\t\t\t\t\t\t\t<div class=\"elementor-button-wrapper\">\n\t\t\t\t\t<a class=\"elementor-button elementor-button-link elementor-size-sm\" href=\"https:\/\/triptherapie.nl\/wat-een-mdma-therapeut-doet-tijdens-een-mdma-sessie\/\" rel=\"noopener\">\n\t\t\t\t\t\t<span class=\"elementor-button-content-wrapper\">\n\t\t\t\t\t\t\t\t\t<span class=\"elementor-button-text\">Activit\u00e9s du th\u00e9rapeute MDMA<\/span>\n\t\t\t\t\t<\/span>\n\t\t\t\t\t<\/a>\n\t\t\t\t<\/div>\n\t\t\t\t\t\t\t\t<\/div>\n\t\t\t\t<\/div>\n\t\t\t\t<\/div>\n\t\t<div class=\"elementor-element elementor-element-fc0164e e-con-full e-flex e-con e-child\" data-id=\"fc0164e\" data-element_type=\"container\" data-e-type=\"container\">\n\t\t\t\t<div class=\"elementor-element elementor-element-141e815 elementor-align-center elementor-widget elementor-widget-button\" data-id=\"141e815\" data-element_type=\"widget\" data-e-type=\"widget\" data-widget_type=\"button.default\">\n\t\t\t\t<div class=\"elementor-widget-container\">\n\t\t\t\t\t\t\t\t\t<div class=\"elementor-button-wrapper\">\n\t\t\t\t\t<a class=\"elementor-button elementor-button-link elementor-size-sm\" href=\"https:\/\/triptherapie.nl\/mdma-therapie\/\" rel=\"noopener\">\n\t\t\t\t\t\t<span class=\"elementor-button-content-wrapper\">\n\t\t\t\t\t\t\t\t\t<span class=\"elementor-button-text\">Th\u00e9rapie MDMA<\/span>\n\t\t\t\t\t<\/span>\n\t\t\t\t\t<\/a>\n\t\t\t\t<\/div>\n\t\t\t\t\t\t\t\t<\/div>\n\t\t\t\t<\/div>\n\t\t\t\t<\/div>\n\t\t\t\t\t<\/div>\n\t\t\t\t<\/div>\n\t\t<div class=\"elementor-element elementor-element-6e38e3c e-flex e-con-boxed e-con e-parent\" data-id=\"6e38e3c\" data-element_type=\"container\" data-e-type=\"container\">\n\t\t\t\t\t<div class=\"e-con-inner\">\n\t\t\t\t<div class=\"elementor-element elementor-element-633d616 elementor-widget elementor-widget-heading\" data-id=\"633d616\" data-element_type=\"widget\" data-e-type=\"widget\" data-widget_type=\"heading.default\">\n\t\t\t\t<div class=\"elementor-widget-container\">\n\t\t\t\t\t<h2 class=\"elementor-heading-title elementor-size-default\">Choisir un th\u00e9rapeute MDMA<\/h2>\t\t\t\t<\/div>\n\t\t\t\t<\/div>\n\t\t\t\t\t<\/div>\n\t\t\t\t<\/div>\n\t\t<div class=\"elementor-element elementor-element-eeba593 e-flex e-con-boxed e-con e-parent\" data-id=\"eeba593\" data-element_type=\"container\" data-e-type=\"container\">\n\t\t\t\t\t<div class=\"e-con-inner\">\n\t\t<div class=\"elementor-element elementor-element-47ff250 e-con-full e-flex e-con e-child\" data-id=\"47ff250\" data-element_type=\"container\" data-e-type=\"container\">\n\t\t\t\t<div class=\"elementor-element elementor-element-1a850da elementor-widget elementor-widget-text-editor\" data-id=\"1a850da\" data-element_type=\"widget\" data-e-type=\"widget\" data-widget_type=\"text-editor.default\">\n\t\t\t\t<div class=\"elementor-widget-container\">\n\t\t\t\t\t\t\t\t\t<p>Le choix d\u2019un th\u00e9rapeute MDMA est un facteur crucial pour le succ\u00e8s de la th\u00e9rapie assist\u00e9e par MDMA. La confiance, l&#039;exp\u00e9rience et les qualifications sont des \u00e9l\u00e9ments importants lors du choix d&#039;un th\u00e9rapeute MDMA. Nous proposons diff\u00e9rents th\u00e9rapeutes avec des parcours et des niveaux d&#039;exp\u00e9rience diff\u00e9rents. D\u00e9couvrez qui nous sommes via l&#039;aper\u00e7u des superviseurs.<\/p>\t\t\t\t\t\t\t\t<\/div>\n\t\t\t\t<\/div>\n\t\t\t\t<\/div>\n\t\t<div class=\"elementor-element elementor-element-3cc305e e-con-full e-flex e-con e-child\" data-id=\"3cc305e\" data-element_type=\"container\" data-e-type=\"container\">\n\t\t\t\t<div class=\"elementor-element elementor-element-ebb5ad0 elementor-arrows-position-inside elementor-pagination-position-outside elementor-widget elementor-widget-image-carousel\" data-id=\"ebb5ad0\" data-element_type=\"widget\" data-e-type=\"widget\" data-settings=\"{&quot;slides_to_show&quot;:&quot;4&quot;,&quot;navigation&quot;:&quot;both&quot;,&quot;autoplay&quot;:&quot;yes&quot;,&quot;pause_on_hover&quot;:&quot;yes&quot;,&quot;pause_on_interaction&quot;:&quot;yes&quot;,&quot;autoplay_speed&quot;:5000,&quot;infinite&quot;:&quot;yes&quot;,&quot;speed&quot;:500}\" data-widget_type=\"image-carousel.default\">\n\t\t\t\t<div class=\"elementor-widget-container\">\n\t\t\t\t\t\t\t<div class=\"elementor-image-carousel-wrapper swiper\" role=\"region\" aria-roledescription=\"carousel\" aria-label=\"Carrousel d&#039;images\" dir=\"ltr\">\n\t\t\t<div class=\"elementor-image-carousel swiper-wrapper\" aria-live=\"off\">\n\t\t\t\t\t\t\t\t<div class=\"swiper-slide\" role=\"group\" aria-roledescription=\"slide\" aria-label=\"1 \u00e0 5\"><figure class=\"swiper-slide-inner\"><img decoding=\"async\" class=\"swiper-slide-image\" src=\"https:\/\/mdmatherapie.nl\/wp-content\/uploads\/2023\/05\/Ronald-Hochstenbach-150x150.jpg?wsr\" alt=\"Th\u00e9rapeute MDMA Ronald\" \/><\/figure><\/div><div class=\"swiper-slide\" role=\"group\" aria-roledescription=\"slide\" aria-label=\"2 sur 5\"><figure class=\"swiper-slide-inner\"><img decoding=\"async\" class=\"swiper-slide-image\" src=\"https:\/\/mdmatherapie.nl\/wp-content\/uploads\/2022\/11\/Loes-150x150.jpeg?wsr\" alt=\"Lo\u00e8s\" \/><\/figure><\/div><div class=\"swiper-slide\" role=\"group\" aria-roledescription=\"slide\" aria-label=\"3 sur 5\"><figure class=\"swiper-slide-inner\"><img decoding=\"async\" class=\"swiper-slide-image\" src=\"https:\/\/mdmatherapie.nl\/wp-content\/uploads\/2022\/11\/Confessie-150x150.jpeg?wsr\" alt=\"Marcel\" \/><\/figure><\/div><div class=\"swiper-slide\" role=\"group\" aria-roledescription=\"slide\" aria-label=\"4 sur 5\"><figure class=\"swiper-slide-inner\"><img decoding=\"async\" class=\"swiper-slide-image\" src=\"https:\/\/mdmatherapie.nl\/wp-content\/uploads\/2024\/02\/Gijs-2-150x150.png?wsr\" alt=\"Gijs 2\" \/><\/figure><\/div><div class=\"swiper-slide\" role=\"group\" aria-roledescription=\"slide\" aria-label=\"5 sur 5\"><figure class=\"swiper-slide-inner\"><img decoding=\"async\" class=\"swiper-slide-image\" src=\"https:\/\/mdmatherapie.nl\/wp-content\/uploads\/2024\/02\/Sascha-150x150.jpg?wsr\" alt=\"Sacha\" \/><\/figure><\/div>\t\t\t<\/div>\n\t\t\t\t\t\t\t\t\t\t\t\t<div class=\"elementor-swiper-button elementor-swiper-button-prev\" role=\"button\" tabindex=\"0\">\n\t\t\t\t\t\t<i aria-hidden=\"true\" class=\"eicon-chevron-left\"><\/i>\t\t\t\t\t<\/div>\n\t\t\t\t\t<div class=\"elementor-swiper-button elementor-swiper-button-next\" role=\"button\" tabindex=\"0\">\n\t\t\t\t\t\t<i aria-hidden=\"true\" class=\"eicon-chevron-right\"><\/i>\t\t\t\t\t<\/div>\n\t\t\t\t\n\t\t\t\t\t\t\t\t\t<div class=\"swiper-pagination\"><\/div>\n\t\t\t\t\t\t\t\t\t<\/div>\n\t\t\t\t\t\t<\/div>\n\t\t\t\t<\/div>\n\t\t\t\t<\/div>\n\t\t\t\t\t<\/div>\n\t\t\t\t<\/div>\n\t\t<div class=\"elementor-element elementor-element-1adb614 e-flex e-con-boxed e-con e-parent\" data-id=\"1adb614\" data-element_type=\"container\" data-e-type=\"container\">\n\t\t\t\t\t<div class=\"e-con-inner\">\n\t\t\t\t<div class=\"elementor-element elementor-element-d8b7192 elementor-align-center elementor-widget elementor-widget-button\" data-id=\"d8b7192\" data-element_type=\"widget\" data-e-type=\"widget\" data-widget_type=\"button.default\">\n\t\t\t\t<div class=\"elementor-widget-container\">\n\t\t\t\t\t\t\t\t\t<div class=\"elementor-button-wrapper\">\n\t\t\t\t\t<a class=\"elementor-button elementor-button-link elementor-size-sm\" href=\"https:\/\/triptherapie.nl\/personeel\/\" rel=\"noopener\">\n\t\t\t\t\t\t<span class=\"elementor-button-content-wrapper\">\n\t\t\t\t\t\t\t\t\t<span class=\"elementor-button-text\">Aper\u00e7u des th\u00e9rapeutes MDMA<\/span>\n\t\t\t\t\t<\/span>\n\t\t\t\t\t<\/a>\n\t\t\t\t<\/div>\n\t\t\t\t\t\t\t\t<\/div>\n\t\t\t\t<\/div>\n\t\t\t\t\t<\/div>\n\t\t\t\t<\/div>\n\t\t\t\t<\/div>","protected":false},"excerpt":{"rendered":"<p>MDMA therapeut Een MDMA therapeut bereidt de klant voor en begeleidt de MDMA sessie. Tijdens de sessie is de MDMA therapeut een hulp om door [&hellip;]<\/p>\n","protected":false},"author":1,"featured_media":0,"parent":0,"menu_order":0,"comment_status":"closed","ping_status":"closed","template":"","meta":{"footnotes":""},"class_list":["post-1130","page","type-page","status-publish","hentry"],"_links":{"self":[{"href":"https:\/\/mdmatherapie.nl\/fr\/wp-json\/wp\/v2\/pages\/1130","targetHints":{"allow":["GET"]}}],"collection":[{"href":"https:\/\/mdmatherapie.nl\/fr\/wp-json\/wp\/v2\/pages"}],"about":[{"href":"https:\/\/mdmatherapie.nl\/fr\/wp-json\/wp\/v2\/types\/page"}],"author":[{"embeddable":true,"href":"https:\/\/mdmatherapie.nl\/fr\/wp-json\/wp\/v2\/users\/1"}],"replies":[{"embeddable":true,"href":"https:\/\/mdmatherapie.nl\/fr\/wp-json\/wp\/v2\/comments?post=1130"}],"version-history":[{"count":0,"href":"https:\/\/mdmatherapie.nl\/fr\/wp-json\/wp\/v2\/pages\/1130\/revisions"}],"wp:attachment":[{"href":"https:\/\/mdmatherapie.nl\/fr\/wp-json\/wp\/v2\/media?parent=1130"}],"curies":[{"name":"wp","href":"https:\/\/api.w.org\/{rel}","templated":true}]}}