{"id":903,"date":"2023-01-12T09:29:30","date_gmt":"2023-01-12T09:29:30","guid":{"rendered":"https:\/\/mdmatherapie.nl\/?page_id=903"},"modified":"2023-01-12T10:00:49","modified_gmt":"2023-01-12T10:00:49","slug":"seance-mdma","status":"publish","type":"page","link":"https:\/\/mdmatherapie.nl\/fr\/mdma-sessie\/","title":{"rendered":"S\u00e9ance MDMA"},"content":{"rendered":"<h2 class=\"wp-block-heading\">Demander une th\u00e9rapie assist\u00e9e par MDMA<\/h2>\n\n\n\n<p>Vous pouvez commencer un traitement MDMA \u00e0 condition de remplir un certain nombre de conditions. Certains m\u00e9dicaments et conditions ne peuvent pas \u00eatre combin\u00e9s avec des psych\u00e9d\u00e9liques tels que la MDMA. Vous trouverez ci-dessous une liste de contre-indications. S\u2019il existe un m\u00e9dicament qui ne peut pas \u00eatre pris avec la MDMA, vous ne pouvez pas simplement arr\u00eater de le prendre. Consultez d\u2019abord votre m\u00e9decin traitant pour savoir si vous pouvez modifier ou r\u00e9duire votre traitement.<\/p>\n\n\n\n<p><strong>Conditions\/situations de contre-indications<\/strong><\/p>\n\n\n\n<ul class=\"wp-block-list\">\n<li>Grossesse <\/li>\n\n\n\n<li>Anomalies r\u00e9nales<\/li>\n\n\n\n<li>Situation de l&#039;allaitement <\/li>\n\n\n\n<li>Schizophr\u00e9nie <\/li>\n\n\n\n<li>Trouble bipolaire <\/li>\n\n\n\n<li>Sensibilit\u00e9 limite \u00e0 la psychose (ou ant\u00e9c\u00e9dents de psychose) <\/li>\n\n\n\n<li>Probl\u00e8mes graves de tension art\u00e9rielle\/c\u0153ur <\/li>\n\n\n\n<li>H\u00e9morragies c\u00e9r\u00e9brales<\/li>\n<\/ul>\n\n\n\n<p><\/p>\n\n\n\n<p><strong>Contre-indications aux m\u00e9dicaments<\/strong><\/p>\n\n\n\n<ul class=\"wp-block-list\">\n<li>Lithium <\/li>\n\n\n\n<li>M\u00e9dicaments pour le c\u0153ur et\/ou la tension art\u00e9rielle <\/li>\n\n\n\n<li>Opo\u00efdes (tramadol, morphine et cod\u00e9ine) <\/li>\n\n\n\n<li>TCA (Antid\u00e9presseurs tricycliques) <\/li>\n\n\n\n<li>MAOi (inhibiteurs de la monoamine oxydase) <\/li>\n\n\n\n<li>ISRS (inhibiteurs s\u00e9lectifs du recaptage de la s\u00e9rotonine) <\/li>\n\n\n\n<li>SNRI (inhibiteurs s\u00e9lectifs du recaptage de la s\u00e9rotonine et de la noradr\u00e9naline) <\/li>\n\n\n\n<li>Antipsychotiques<\/li>\n<\/ul>\n\n\n\n<h2 class=\"wp-block-heading\">Inscrivez-vous \u00e0 une s\u00e9ance de MDMA<\/h2>\n\n\n\n<p>Avant qu\u2019une s\u00e9ance puisse \u00eatre programm\u00e9e, il est obligatoire de terminer l\u2019admission \u00e0 l\u2019avance. La prise s&#039;effectue via notre site partenaire Triptherapie. Sur la base de cet apport, nous pouvons \u00e9valuer si vous pouvez r\u00e9server une s\u00e9ance avec nous en raison de votre s\u00e9curit\u00e9 et de votre sant\u00e9. De plus, nous pouvons \u00e9galement vous indiquer si une autre drogue psych\u00e9d\u00e9lique pourrait mieux vous convenir. En plus de l&#039;apport, vous recevrez des conseils personnalis\u00e9s pour une pr\u00e9paration optimale pour la s\u00e9ance \u00e0 venir, y compris des conseils sur l&#039;alimentation et le mode de vie.<\/p>\n\n\n\n<blockquote class=\"wp-block-quote is-layout-flow wp-block-quote-is-layout-flow\">\n<p><a href=\"https:\/\/mdmatherapie.nl\/fr\/sinscrire-a-une-seance-de-mdma\/\">Commencez \u00e0 vous inscrire \u00e0 une s\u00e9ance MDMA ici<\/a><\/p>\n<\/blockquote>","protected":false},"excerpt":{"rendered":"<p>Een MDMA geassisteerde therapie aanvragen Een MDMA behandeling starten kan mits je voldoet aan een aantal voorwaarden. Bepaalde medicatie en aandoeningen kunnen niet samen met [&hellip;]<\/p>\n","protected":false},"author":1,"featured_media":0,"parent":0,"menu_order":0,"comment_status":"closed","ping_status":"closed","template":"","meta":{"footnotes":""},"class_list":["post-903","page","type-page","status-publish","hentry"],"_links":{"self":[{"href":"https:\/\/mdmatherapie.nl\/fr\/wp-json\/wp\/v2\/pages\/903","targetHints":{"allow":["GET"]}}],"collection":[{"href":"https:\/\/mdmatherapie.nl\/fr\/wp-json\/wp\/v2\/pages"}],"about":[{"href":"https:\/\/mdmatherapie.nl\/fr\/wp-json\/wp\/v2\/types\/page"}],"author":[{"embeddable":true,"href":"https:\/\/mdmatherapie.nl\/fr\/wp-json\/wp\/v2\/users\/1"}],"replies":[{"embeddable":true,"href":"https:\/\/mdmatherapie.nl\/fr\/wp-json\/wp\/v2\/comments?post=903"}],"version-history":[{"count":0,"href":"https:\/\/mdmatherapie.nl\/fr\/wp-json\/wp\/v2\/pages\/903\/revisions"}],"wp:attachment":[{"href":"https:\/\/mdmatherapie.nl\/fr\/wp-json\/wp\/v2\/media?parent=903"}],"curies":[{"name":"wp","href":"https:\/\/api.w.org\/{rel}","templated":true}]}}